{"id":577,"date":"2017-11-24T11:04:12","date_gmt":"2017-11-24T09:04:12","guid":{"rendered":"http:\/\/divulgacionciencias.unizar.es\/conciencias\/?page_id=577"},"modified":"2022-10-23T08:48:57","modified_gmt":"2022-10-23T06:48:57","slug":"otras-publicaciones-2-col","status":"publish","type":"page","link":"https:\/\/divulgacionciencias.unizar.es\/conciencias\/?page_id=577","title":{"rendered":"Otras publicaciones"},"content":{"rendered":"<h4 style=\"text-align: center; color: #8e8e8e; font-size: 36px;\"><strong>Otras publicaciones<\/strong><\/h4>\n<p>&nbsp;<\/p>\n<div class=\"csRow\">\n<div class=\"csColumnGap\" style=\"margin: 0px; padding: 0px; float: left; width: 15.6%;\"><img src=\"http:\/\/divulgacionciencias.unizar.es\/conciencias\/wp-content\/plugins\/advanced-wp-columns\/assets\/js\/plugins\/views\/img\/1x1-pixel.png\" alt=\"\"><\/div>\n<div class=\"csColumn\" style=\"margin: 0px; padding: 0px; float: left; width: 26%;\" data-csstartpoint=\"150\" data-csendpoint=\"400\" data-cswidth=\"26.0%\" data-csid=\"7b2b709e-b741-5f56-a083-339c327ecd7d\">\n<p style=\"text-align: center; font-size: 24px; margin-bottom: 10px;\"><a title=\"Instrumenta\" href=\"https:\/\/ciencias.unizar.es\/sites\/ciencias\/files\/users\/fmlou\/pdf\/Proyeccion_social\/instrumenta.pdf\" target=\"_blank\" rel=\"noopener\">Instrumenta<\/a><\/p>\n<p><a title=\"Instrumenta\" href=\"https:\/\/ciencias.unizar.es\/sites\/ciencias\/files\/users\/fmlou\/pdf\/Proyeccion_social\/instrumenta.pdf\" target=\"_blank\" rel=\"noopener\"><img loading=\"lazy\" src=\"http:\/\/divulgacionciencias.unizar.es\/conciencias\/wp-content\/uploads\/2017\/11\/Portada_Instrumenta-001_350px.jpg\" alt=\"Instrumenta\" width=\"600\" height=\"600\"><\/a><\/p>\n<p style=\"margin-top: -10px;\"><!--M\u00e1s informaci\u00f3n...--><\/p>\n<\/div>\n<div class=\"csColumnGap\" style=\"margin: 0px; padding: 0px; float: left; width: 15.6%;\"><img src=\"http:\/\/divulgacionciencias.unizar.es\/conciencias\/wp-content\/plugins\/advanced-wp-columns\/assets\/js\/plugins\/views\/img\/1x1-pixel.png\" alt=\"\"><\/div>\n<div class=\"csColumn\" style=\"margin: 0px; padding: 0px; float: left; width: 26%;\" data-csstartpoint=\"550\" data-csendpoint=\"800\" data-cswidth=\"26.0%\" data-csid=\"70e132a8-ce8e-aff6-88a9-ecad9095ebeb\">\n<p style=\"text-align: center; font-size: 24px; margin-bottom: 10px;\"><a title=\"Botanica\" href=\"https:\/\/ciencias.unizar.es\/sites\/ciencias\/files\/users\/fmlou\/pdf\/Proyeccion_social\/botanica_ars_naturae.pdf\" target=\"_blank\" rel=\"noopener\">Bot\u00e1nica &#8211; Ars naturae<\/a><\/p>\n<p style=\"text-align: center;\"><a title=\"Botanica\" href=\"https:\/\/ciencias.unizar.es\/sites\/ciencias\/files\/users\/fmlou\/pdf\/Proyeccion_social\/botanica_ars_naturae.pdf\" target=\"_blank\" rel=\"noopener\"><img loading=\"lazy\" src=\"http:\/\/divulgacionciencias.unizar.es\/conciencias\/wp-content\/uploads\/2017\/11\/Portada_BAN-001_350px.jpg\" alt=\"Botanica\" width=\"600\" height=\"600\"><\/a><\/p>\n<p style=\"margin-top: -10px;\"><!--M\u00e1s informaci\u00f3n...--><\/p>\n<\/div>\n<div class=\"csColumnGap\" style=\"margin: 0px; padding: 0px; float: left; width: 16.7%;\"><img src=\"http:\/\/divulgacionciencias.unizar.es\/conciencias\/wp-content\/plugins\/advanced-wp-columns\/assets\/js\/plugins\/views\/img\/1x1-pixel.png\" alt=\"\"><\/div>\n<div style=\"clear: both; float: none; display: block; visibility: hidden; width: 0px; font-size: 0px; line-height: 0;\"><\/div>\n<\/div>\n<p>&nbsp;<\/p>\n<div class=\"csRow\">\n<div class=\"csColumnGap\" style=\"margin: 0px; padding: 0px; float: left; width: 15.6%;\"><img src=\"http:\/\/divulgacionciencias.unizar.es\/conciencias\/wp-content\/plugins\/advanced-wp-columns\/assets\/js\/plugins\/views\/img\/1x1-pixel.png\" alt=\"\"><\/div>\n<div class=\"csColumn\" style=\"margin: 0px; padding: 0px; float: left; width: 26%;\" data-csstartpoint=\"150\" data-csendpoint=\"400\" data-cswidth=\"26.0%\" data-csid=\"7b2b709e-b741-5f56-a083-339c327ecd7d\">\n<p style=\"text-align: center; font-size: 24px; margin-bottom: 10px;\"><a title=\"Los \u00e1rboles del campus\" href=\"https:\/\/ciencias.unizar.es\/sites\/ciencias\/files\/users\/fmlou\/pdf\/Proyeccion_social\/los_arboles_del_campus.pdf\" target=\"_blank\" rel=\"noopener\">Los \u00e1rboles del campus<\/a><\/p>\n<p><a title=\"Los \u00e1rboles del campues\" href=\"https:\/\/ciencias.unizar.es\/sites\/ciencias\/files\/users\/fmlou\/pdf\/Proyeccion_social\/los_arboles_del_campus.pdf\" target=\"_blank\" rel=\"noopener\"><img loading=\"lazy\" src=\"http:\/\/divulgacionciencias.unizar.es\/conciencias\/wp-content\/uploads\/2017\/11\/Portada_LADC-001_350px.jpg\" alt=\"Los \u00e1rboles del campus\" width=\"600\" height=\"600\"><\/a><\/p>\n<p style=\"margin-top: -10px;\"><!--M\u00e1s informaci\u00f3n...--><\/p>\n<\/div>\n<div class=\"csColumnGap\" style=\"margin: 0px; padding: 0px; float: left; width: 15.6%;\"><img src=\"http:\/\/divulgacionciencias.unizar.es\/conciencias\/wp-content\/plugins\/advanced-wp-columns\/assets\/js\/plugins\/views\/img\/1x1-pixel.png\" alt=\"\"><\/div>\n<div class=\"csColumn\" style=\"margin: 0px; padding: 0px; float: left; width: 26%;\" data-csstartpoint=\"550\" data-csendpoint=\"800\" data-cswidth=\"26.0%\" data-csid=\"70e132a8-ce8e-aff6-88a9-ecad9095ebeb\">\n<p style=\"text-align: center; font-size: 24px; margin-bottom: 10px;\"><a title=\"Cient\u00edficamente objetivo\" href=\"https:\/\/ciencias.unizar.es\/sites\/ciencias\/files\/users\/fmlou\/pdf\/Proyeccion_social\/cientificamente_objetivo.pdf\" target=\"_blank\" rel=\"noopener\">Cient\u00edficamente objetivo<\/a><\/p>\n<p style=\"text-align: center;\"><a title=\"Cient\u00edficamente objetivo\" href=\"https:\/\/ciencias.unizar.es\/sites\/ciencias\/files\/users\/fmlou\/pdf\/Proyeccion_social\/cientificamente_objetivo.pdf\" target=\"_blank\" rel=\"noopener\"><img loading=\"lazy\" src=\"http:\/\/divulgacionciencias.unizar.es\/conciencias\/wp-content\/uploads\/2017\/11\/Portada_CO-350px.jpg\" alt=\"Cient\u00edficamente objetivo\" width=\"600\" height=\"600\"><\/a><\/p>\n<p style=\"margin-top: -10px;\"><!--M\u00e1s informaci\u00f3n...--><\/p>\n<\/div>\n<div class=\"csColumnGap\" style=\"margin: 0px; padding: 0px; float: left; width: 16.7%;\"><img src=\"http:\/\/divulgacionciencias.unizar.es\/conciencias\/wp-content\/plugins\/advanced-wp-columns\/assets\/js\/plugins\/views\/img\/1x1-pixel.png\" alt=\"\"><\/div>\n<div style=\"clear: both; float: none; display: block; visibility: hidden; width: 0px; font-size: 0px; line-height: 0;\"><\/div>\n<\/div>\n<h4 style=\"text-align: center; color: #8e8e8e; font-size: 36px;\"><\/h4>\n<p>&nbsp;<\/p>\n","protected":false},"excerpt":{"rendered":"<p>Otras publicaciones &nbsp; Instrumenta Bot\u00e1nica &#8211; Ars naturae &nbsp; Los \u00e1rboles del campus Cient\u00edficamente objetivo &nbsp;<\/p>\n<p> <a class=\"continue-reading-link\" href=\"https:\/\/divulgacionciencias.unizar.es\/conciencias\/?page_id=577\"><span>Continue reading<\/span><i class=\"icon-right-dir\"><\/i><\/a><\/p>\n","protected":false},"author":3,"featured_media":0,"parent":0,"menu_order":0,"comment_status":"closed","ping_status":"closed","template":"","meta":[],"_links":{"self":[{"href":"https:\/\/divulgacionciencias.unizar.es\/conciencias\/index.php?rest_route=\/wp\/v2\/pages\/577"}],"collection":[{"href":"https:\/\/divulgacionciencias.unizar.es\/conciencias\/index.php?rest_route=\/wp\/v2\/pages"}],"about":[{"href":"https:\/\/divulgacionciencias.unizar.es\/conciencias\/index.php?rest_route=\/wp\/v2\/types\/page"}],"author":[{"embeddable":true,"href":"https:\/\/divulgacionciencias.unizar.es\/conciencias\/index.php?rest_route=\/wp\/v2\/users\/3"}],"replies":[{"embeddable":true,"href":"https:\/\/divulgacionciencias.unizar.es\/conciencias\/index.php?rest_route=%2Fwp%2Fv2%2Fcomments&post=577"}],"version-history":[{"count":13,"href":"https:\/\/divulgacionciencias.unizar.es\/conciencias\/index.php?rest_route=\/wp\/v2\/pages\/577\/revisions"}],"predecessor-version":[{"id":767,"href":"https:\/\/divulgacionciencias.unizar.es\/conciencias\/index.php?rest_route=\/wp\/v2\/pages\/577\/revisions\/767"}],"wp:attachment":[{"href":"https:\/\/divulgacionciencias.unizar.es\/conciencias\/index.php?rest_route=%2Fwp%2Fv2%2Fmedia&parent=577"}],"curies":[{"name":"wp","href":"https:\/\/api.w.org\/{rel}","templated":true}]}}