{"id":183,"date":"2016-11-08T10:51:45","date_gmt":"2016-11-08T08:51:45","guid":{"rendered":"http:\/\/divulgacionciencias.unizar.es\/conciencias\/?page_id=183"},"modified":"2025-11-04T21:37:05","modified_gmt":"2025-11-04T19:37:05","slug":"inicio-2","status":"publish","type":"page","link":"https:\/\/divulgacionciencias.unizar.es\/conciencias\/","title":{"rendered":"Inicio"},"content":{"rendered":"\n\t<div class=\"slideshow_container slideshow_container_slideshow-jquery-image-gallery-custom-styles_1\" style=\"height: 300px; max-width: 500px;\" data-slideshow-id=\"861\" data-style-name=\"slideshow-jquery-image-gallery-custom-styles_1\" data-style-version=\"1509707479\" >\n\n\t\t\t\t\t<div class=\"slideshow_loading_icon\"><\/div>\n\t\t\n\t\t<div class=\"slideshow_content\" style=\"display: none;\">\n\n\t\t\t<div class=\"slideshow_view\">\n\t\t\t\t<div class=\"slideshow_slide slideshow_slide_image\">\n\t\t\t\t\t<a href=\"https:\/\/divulgacionciencias.unizar.es\/revista-conCIENCIAS\/uploads\/files\/35_01.pdf\" target=\"_self\" >\t\t\t\t\t\t<img src=\"https:\/\/divulgacionciencias.unizar.es\/conciencias\/wp-content\/uploads\/2025\/11\/35_01.jpg\" alt=\"35_01 Evocaci\u00f3n de tres cient\u00edficos de nuestro m\u00e1s pr\u00f3ximo pasado\" width=\"1654\" height=\"1170\" \/>\n\t\t\t\t\t<\/a>\t\t\t\t\t<div class=\"slideshow_description_box slideshow_transparent\">\n\t\t\t\t\t\t<div class=\"slideshow_title\"><a href=\"https:\/\/divulgacionciencias.unizar.es\/revista-conCIENCIAS\/uploads\/files\/35_01.pdf\" target=\"_self\" >35_01 Evocaci\u00f3n de tres cient\u00edficos de nuestro m\u00e1s pr\u00f3ximo pasado<\/a><\/div>\t\t\t\t\t\t\t\t\t\t\t<\/div>\n\t\t\t\t<\/div>\n\n\t\t\t\t\t\t<div style=\"clear: both;\"><\/div><\/div><div class=\"slideshow_view\">\n\t\t\t\t<div class=\"slideshow_slide slideshow_slide_image\">\n\t\t\t\t\t<a href=\"https:\/\/divulgacionciencias.unizar.es\/revista-conCIENCIAS\/uploads\/files\/35_02.pdf\" target=\"_self\" >\t\t\t\t\t\t<img src=\"https:\/\/divulgacionciencias.unizar.es\/conciencias\/wp-content\/uploads\/2025\/11\/35_02.jpg\" alt=\"35_02 Del banco \u00f3ptico a la cl\u00ednica: la importancia de la f\u00edsica para el paciente\" width=\"1654\" height=\"1170\" \/>\n\t\t\t\t\t<\/a>\t\t\t\t\t<div class=\"slideshow_description_box slideshow_transparent\">\n\t\t\t\t\t\t<div class=\"slideshow_title\"><a href=\"https:\/\/divulgacionciencias.unizar.es\/revista-conCIENCIAS\/uploads\/files\/35_02.pdf\" target=\"_self\" >35_02 Del banco \u00f3ptico a la cl\u00ednica: la importancia de la f\u00edsica para el paciente<\/a><\/div>\t\t\t\t\t\t\t\t\t\t\t<\/div>\n\t\t\t\t<\/div>\n\n\t\t\t\t\t\t<div style=\"clear: both;\"><\/div><\/div><div class=\"slideshow_view\">\n\t\t\t\t<div class=\"slideshow_slide slideshow_slide_image\">\n\t\t\t\t\t<a href=\"https:\/\/divulgacionciencias.unizar.es\/revista-conCIENCIAS\/uploads\/files\/35_03.pdf\" target=\"_self\" >\t\t\t\t\t\t<img src=\"https:\/\/divulgacionciencias.unizar.es\/conciencias\/wp-content\/uploads\/2025\/11\/35_03.jpg\" alt=\"35_03 El Juicio del Mono, 100 a\u00f1os despu\u00e9s\" width=\"581\" height=\"411\" \/>\n\t\t\t\t\t<\/a>\t\t\t\t\t<div class=\"slideshow_description_box slideshow_transparent\">\n\t\t\t\t\t\t<div class=\"slideshow_title\"><a href=\"https:\/\/divulgacionciencias.unizar.es\/revista-conCIENCIAS\/uploads\/files\/35_03.pdf\" target=\"_self\" >35_03 El Juicio del Mono, 100 a\u00f1os despu\u00e9s<\/a><\/div>\t\t\t\t\t\t\t\t\t\t\t<\/div>\n\t\t\t\t<\/div>\n\n\t\t\t\t\t\t<div style=\"clear: both;\"><\/div><\/div><div class=\"slideshow_view\">\n\t\t\t\t<div class=\"slideshow_slide slideshow_slide_image\">\n\t\t\t\t\t<a href=\"https:\/\/divulgacionciencias.unizar.es\/revista-conCIENCIAS\/uploads\/files\/35_04.pdf\" target=\"_self\" >\t\t\t\t\t\t<img src=\"https:\/\/divulgacionciencias.unizar.es\/conciencias\/wp-content\/uploads\/2025\/11\/35_04.jpg\" alt=\"35_04 El Rinc\u00f3n de Goya ante su Centenario\" width=\"394\" height=\"279\" \/>\n\t\t\t\t\t<\/a>\t\t\t\t\t<div class=\"slideshow_description_box slideshow_transparent\">\n\t\t\t\t\t\t<div class=\"slideshow_title\"><a href=\"https:\/\/divulgacionciencias.unizar.es\/revista-conCIENCIAS\/uploads\/files\/35_04.pdf\" target=\"_self\" >35_04 El Rinc\u00f3n de Goya ante su Centenario<\/a><\/div>\t\t\t\t\t\t\t\t\t\t\t<\/div>\n\t\t\t\t<\/div>\n\n\t\t\t\t\t\t<div style=\"clear: both;\"><\/div><\/div><div class=\"slideshow_view\">\n\t\t\t\t<div class=\"slideshow_slide slideshow_slide_image\">\n\t\t\t\t\t<a href=\"https:\/\/divulgacionciencias.unizar.es\/revista-conCIENCIAS\/uploads\/files\/35_05.pdf\" target=\"_self\" >\t\t\t\t\t\t<img src=\"https:\/\/divulgacionciencias.unizar.es\/conciencias\/wp-content\/uploads\/2025\/11\/35_05.jpg\" alt=\"35_05 Gases for life de Messer: Aplicaciones y tecnolog\u00eda que impulsan sectores clave para la vida\" width=\"1654\" height=\"1170\" \/>\n\t\t\t\t\t<\/a>\t\t\t\t\t<div class=\"slideshow_description_box slideshow_transparent\">\n\t\t\t\t\t\t<div class=\"slideshow_title\"><a href=\"https:\/\/divulgacionciencias.unizar.es\/revista-conCIENCIAS\/uploads\/files\/35_05.pdf\" target=\"_self\" >35_05 Gases for life de Messer: Aplicaciones y tecnolog\u00eda que impulsan sectores clave para la vida<\/a><\/div>\t\t\t\t\t\t\t\t\t\t\t<\/div>\n\t\t\t\t<\/div>\n\n\t\t\t\t\t\t<div style=\"clear: both;\"><\/div><\/div><div class=\"slideshow_view\">\n\t\t\t\t<div class=\"slideshow_slide slideshow_slide_image\">\n\t\t\t\t\t<a href=\"https:\/\/divulgacionciencias.unizar.es\/revista-conCIENCIAS\/uploads\/files\/35_ConCienciaAndo.pdf\" target=\"_self\" >\t\t\t\t\t\t<img src=\"https:\/\/divulgacionciencias.unizar.es\/conciencias\/wp-content\/uploads\/2025\/11\/35_ConCienciaAndo.jpg\" alt=\"35_ConCienciaAndo\" width=\"497\" height=\"351\" \/>\n\t\t\t\t\t<\/a>\t\t\t\t\t<div class=\"slideshow_description_box slideshow_transparent\">\n\t\t\t\t\t\t<div class=\"slideshow_title\"><a href=\"https:\/\/divulgacionciencias.unizar.es\/revista-conCIENCIAS\/uploads\/files\/35_ConCienciaAndo.pdf\" target=\"_self\" >35_ConCienciaAndo<\/a><\/div>\t\t\t\t\t\t\t\t\t\t\t<\/div>\n\t\t\t\t<\/div>\n\n\t\t\t\t\t\t<div style=\"clear: both;\"><\/div><\/div>\n\t\t<\/div>\n\n\t\t<div class=\"slideshow_controlPanel slideshow_transparent\" style=\"display: none;\"><ul><li class=\"slideshow_togglePlay\" data-play-text=\"Play\" data-pause-text=\"Pause\"><\/li><\/ul><\/div>\n\n\t\t<div class=\"slideshow_button slideshow_previous slideshow_transparent\" role=\"button\" data-previous-text=\"Previous\" style=\"display: none;\"><\/div>\n\t\t<div class=\"slideshow_button slideshow_next slideshow_transparent\" role=\"button\" data-next-text=\"Next\" style=\"display: none;\"><\/div>\n\n\t\t<div class=\"slideshow_pagination\" style=\"display: none;\" data-go-to-text=\"Go to slide\"><div class=\"slideshow_pagination_center\"><\/div><\/div>\n\n\t\t<!-- WordPress Slideshow Version 2.3.1 -->\n\n\t\t\t<\/div>\n\n\n<h4 style=\"margin: 0 auto; width: 729px; margin-top: 33px; margin-bottom: 17px;\">En el \u00faltimo n\u00famero&#8230;<\/h4>\n<p><a href=\"https:\/\/divulgacionciencias.unizar.es\/revista-conCIENCIAS\/numero\/35\"><img loading=\"lazy\" class=\"aligncenter size-full wp-image-620\" src=\"https:\/\/divulgacionciencias.unizar.es\/conciencias\/wp-content\/uploads\/2025\/11\/35_portada.jpg\" alt=\"Portada_35\" width=\"721\" height=\"1024\"><\/a><\/p>\n<p><a href=\"https:\/\/divulgacionciencias.unizar.es\/revista-conCIENCIAS\/numero\/35\">&nbsp;<\/a><\/p>\n<div class=\"csRow\">\n<div class=\"csColumn\" style=\"margin: 0px; padding: 0px; float: right; width: 100%;\" data-csstartpoint=\"519\" data-csendpoint=\"944\" data-cswidth=\"44.3%\" data-csid=\"4d4e8d58-5ff8-bf01-893a-a1c738a8d185\">\n<p><img loading=\"lazy\" style=\"float: right; margin-top: -2px; margin-left: 20px;\" src=\"https:\/\/divulgacionciencias.unizar.es\/conciencias\/wp-content\/uploads\/2017\/11\/FCZ_3_fondo.png\" alt=\"\" width=\"121\" height=\"30\"><\/p>\n<\/div>\n<\/div>\n","protected":false},"excerpt":{"rendered":"<p>En el \u00faltimo n\u00famero&#8230; &nbsp;<\/p>\n<p> <a class=\"continue-reading-link\" href=\"https:\/\/divulgacionciencias.unizar.es\/conciencias\/\"><span>Continue reading<\/span><i class=\"icon-right-dir\"><\/i><\/a><\/p>\n","protected":false},"author":2,"featured_media":0,"parent":0,"menu_order":0,"comment_status":"closed","ping_status":"closed","template":"","meta":[],"_links":{"self":[{"href":"https:\/\/divulgacionciencias.unizar.es\/conciencias\/index.php?rest_route=\/wp\/v2\/pages\/183"}],"collection":[{"href":"https:\/\/divulgacionciencias.unizar.es\/conciencias\/index.php?rest_route=\/wp\/v2\/pages"}],"about":[{"href":"https:\/\/divulgacionciencias.unizar.es\/conciencias\/index.php?rest_route=\/wp\/v2\/types\/page"}],"author":[{"embeddable":true,"href":"https:\/\/divulgacionciencias.unizar.es\/conciencias\/index.php?rest_route=\/wp\/v2\/users\/2"}],"replies":[{"embeddable":true,"href":"https:\/\/divulgacionciencias.unizar.es\/conciencias\/index.php?rest_route=%2Fwp%2Fv2%2Fcomments&post=183"}],"version-history":[{"count":47,"href":"https:\/\/divulgacionciencias.unizar.es\/conciencias\/index.php?rest_route=\/wp\/v2\/pages\/183\/revisions"}],"predecessor-version":[{"id":864,"href":"https:\/\/divulgacionciencias.unizar.es\/conciencias\/index.php?rest_route=\/wp\/v2\/pages\/183\/revisions\/864"}],"wp:attachment":[{"href":"https:\/\/divulgacionciencias.unizar.es\/conciencias\/index.php?rest_route=%2Fwp%2Fv2%2Fmedia&parent=183"}],"curies":[{"name":"wp","href":"https:\/\/api.w.org\/{rel}","templated":true}]}}